{"id":372,"date":"2021-10-03T07:48:30","date_gmt":"2021-10-03T07:48:30","guid":{"rendered":"https:\/\/mariajedrzejewska.pl\/index.php\/contact\/"},"modified":"2024-11-07T14:03:38","modified_gmt":"2024-11-07T14:03:38","slug":"contact","status":"publish","type":"page","link":"https:\/\/mariajedrzejewska.pl\/index.php\/contact\/","title":{"rendered":"Kontakt"},"content":{"rendered":"\t\t<div data-elementor-type=\"wp-page\" data-elementor-id=\"372\" class=\"elementor elementor-372\">\n\t\t\t\t\t\t<section class=\"elementor-section elementor-top-section elementor-element elementor-element-f533b07 elementor-section-height-min-height elementor-section-boxed elementor-section-height-default elementor-section-items-middle\" data-id=\"f533b07\" data-element_type=\"section\" data-settings=\"{&quot;background_background&quot;:&quot;classic&quot;}\">\n\t\t\t\t\t\t<div class=\"elementor-container elementor-column-gap-no\">\n\t\t\t\t\t<div class=\"aux-parallax-section elementor-column elementor-col-100 elementor-top-column elementor-element elementor-element-f0db719\" data-id=\"f0db719\" data-element_type=\"column\">\n\t\t\t<div class=\"elementor-widget-wrap elementor-element-populated\">\n\t\t\t\t\t\t<div class=\"elementor-element elementor-element-f626e7e aux-appear-watch-animation aux-slide-from-top elementor-widget elementor-widget-aux_modern_heading\" data-id=\"f626e7e\" data-element_type=\"widget\" data-widget_type=\"aux_modern_heading.default\">\n\t\t\t\t<div class=\"elementor-widget-container\">\n\t\t\t<section class=\"aux-widget-modern-heading\">\n            <div class=\"aux-widget-inner\"><h2 class=\"aux-modern-heading-primary\">B\u0105d\u017amy w kontakcie<\/h2><\/div>\n        <\/section>\t\t<\/div>\n\t\t\t\t<\/div>\n\t\t\t\t\t<\/div>\n\t\t<\/div>\n\t\t\t\t\t<\/div>\n\t\t<\/section>\n\t\t\t\t<section class=\"elementor-section elementor-top-section elementor-element elementor-element-70563b0 elementor-section-boxed elementor-section-height-default elementor-section-height-default\" data-id=\"70563b0\" data-element_type=\"section\">\n\t\t\t\t\t\t<div class=\"elementor-container elementor-column-gap-no\">\n\t\t\t\t\t<div class=\"aux-parallax-section elementor-column elementor-col-50 elementor-top-column elementor-element elementor-element-9d198b5\" data-id=\"9d198b5\" data-element_type=\"column\">\n\t\t\t<div class=\"elementor-widget-wrap elementor-element-populated\">\n\t\t\t\t\t\t<div class=\"elementor-element elementor-element-f356ab9 aux-appear-watch-animation aux-fade-in-up elementor-widget elementor-widget-aux_modern_heading\" data-id=\"f356ab9\" data-element_type=\"widget\" data-widget_type=\"aux_modern_heading.default\">\n\t\t\t\t<div class=\"elementor-widget-container\">\n\t\t\t<section class=\"aux-widget-modern-heading\">\n            <div class=\"aux-widget-inner\"><h2 class=\"aux-modern-heading-primary\">Je\u015bli masz pytania, nie wahaj si\u0119, aby zapyta\u0107.<\/h2><div class=\"aux-modern-heading-description\"><p>Mo\u017cesz skontaktowa\u0107 si\u0119 ze mn\u0105 mailowo przez formularz kontaktowy lub telefonicznie.<\/p><\/div><\/div>\n        <\/section>\t\t<\/div>\n\t\t\t\t<\/div>\n\t\t\t\t<div class=\"elementor-element elementor-element-ecd1625 aux-appear-watch-animation aux-fade-in-up elementor-widget elementor-widget-aux_contact_form\" data-id=\"ecd1625\" data-element_type=\"widget\" data-widget_type=\"aux_contact_form.default\">\n\t\t\t\t<div class=\"elementor-widget-container\">\n\t\t\t<section class=\"widget-container aux-widget-contact-form aux-parent-au27125833\">            <div class=\"aux-col-wrapper aux-no-gutter\">\n            <!-- @TODO - The output for element here -->\n\n            \n<div class=\"wpcf7 no-js\" id=\"wpcf7-f276-o1\" lang=\"pl-PL\" dir=\"ltr\" data-wpcf7-id=\"276\">\n<div class=\"screen-reader-response\"><p role=\"status\" aria-live=\"polite\" aria-atomic=\"true\"><\/p> <ul><\/ul><\/div>\n<form action=\"\/index.php\/wp-json\/wp\/v2\/pages\/372#wpcf7-f276-o1\" method=\"post\" class=\"wpcf7-form init\" aria-label=\"Formularz kontaktowy\" novalidate=\"novalidate\" data-status=\"init\">\n<fieldset class=\"hidden-fields-container\"><input type=\"hidden\" name=\"_wpcf7\" value=\"276\" \/><input type=\"hidden\" name=\"_wpcf7_version\" value=\"6.1.5\" \/><input type=\"hidden\" name=\"_wpcf7_locale\" value=\"pl_PL\" \/><input type=\"hidden\" name=\"_wpcf7_unit_tag\" value=\"wpcf7-f276-o1\" \/><input type=\"hidden\" name=\"_wpcf7_container_post\" value=\"0\" \/><input type=\"hidden\" name=\"_wpcf7_posted_data_hash\" value=\"\" \/>\n<\/fieldset>\n<p><label> Imi\u0119<br \/>\n<span class=\"wpcf7-form-control-wrap\" data-name=\"your-name\"><input size=\"40\" maxlength=\"400\" class=\"wpcf7-form-control wpcf7-text wpcf7-validates-as-required\" autocomplete=\"name\" aria-required=\"true\" aria-invalid=\"false\" value=\"\" type=\"text\" name=\"your-name\" \/><\/span> <\/label>\n<\/p>\n<p><label> adres email<br \/>\n<span class=\"wpcf7-form-control-wrap\" data-name=\"your-email\"><input size=\"40\" maxlength=\"400\" class=\"wpcf7-form-control wpcf7-email wpcf7-validates-as-required wpcf7-text wpcf7-validates-as-email\" autocomplete=\"email\" aria-required=\"true\" aria-invalid=\"false\" value=\"\" type=\"email\" name=\"your-email\" \/><\/span> <\/label>\n<\/p>\n<p><label> Temat<br \/>\n<span class=\"wpcf7-form-control-wrap\" data-name=\"your-subject\"><input size=\"40\" maxlength=\"400\" class=\"wpcf7-form-control wpcf7-text wpcf7-validates-as-required\" aria-required=\"true\" aria-invalid=\"false\" value=\"\" type=\"text\" name=\"your-subject\" \/><\/span> <\/label>\n<\/p>\n<p><label> Napisz wiadomo\u015b\u0107 (optional)<br \/>\n<span class=\"wpcf7-form-control-wrap\" data-name=\"your-message\"><textarea cols=\"40\" rows=\"10\" maxlength=\"2000\" class=\"wpcf7-form-control wpcf7-textarea\" aria-invalid=\"false\" name=\"your-message\"><\/textarea><\/span> <\/label>\n<\/p>\n<p><input class=\"wpcf7-form-control wpcf7-submit has-spinner\" type=\"submit\" value=\"Wy\u015blij\" \/>\n<\/p><p style=\"display: none !important;\" class=\"akismet-fields-container\" data-prefix=\"_wpcf7_ak_\"><label>&#916;<textarea name=\"_wpcf7_ak_hp_textarea\" cols=\"45\" rows=\"8\" maxlength=\"100\"><\/textarea><\/label><input type=\"hidden\" id=\"ak_js_1\" name=\"_wpcf7_ak_js\" value=\"126\"\/><script>document.getElementById( \"ak_js_1\" ).setAttribute( \"value\", ( new Date() ).getTime() );<\/script><\/p><div class=\"wpcf7-response-output\" aria-hidden=\"true\"><\/div>\n<\/form>\n<\/div>\n\n\n            <\/div><!-- aux-col-wrapper -->\n    <\/section><!-- widget-container -->\t\t<\/div>\n\t\t\t\t<\/div>\n\t\t\t\t\t<\/div>\n\t\t<\/div>\n\t\t\t\t<div class=\"aux-parallax-section elementor-column elementor-col-50 elementor-top-column elementor-element elementor-element-6d839a9\" data-id=\"6d839a9\" data-element_type=\"column\" data-settings=\"{&quot;background_background&quot;:&quot;classic&quot;}\">\n\t\t\t<div class=\"elementor-widget-wrap elementor-element-populated\">\n\t\t\t\t\t\t<div class=\"elementor-element elementor-element-366ea9f aux-appear-watch-animation aux-fade-in-up elementor-widget elementor-widget-aux_modern_heading\" data-id=\"366ea9f\" data-element_type=\"widget\" data-widget_type=\"aux_modern_heading.default\">\n\t\t\t\t<div class=\"elementor-widget-container\">\n\t\t\t<section class=\"aux-widget-modern-heading\">\n            <div class=\"aux-widget-inner\"><h3 class=\"aux-modern-heading-primary\">Kontakt<\/h3><\/div>\n        <\/section>\t\t<\/div>\n\t\t\t\t<\/div>\n\t\t\t\t<div class=\"elementor-element elementor-element-34a8aa4 aux-appear-watch-animation aux-fade-in-up elementor-widget elementor-widget-aux_modern_heading\" data-id=\"34a8aa4\" data-element_type=\"widget\" data-widget_type=\"aux_modern_heading.default\">\n\t\t\t\t<div class=\"elementor-widget-container\">\n\t\t\t<section class=\"aux-widget-modern-heading\">\n            <div class=\"aux-widget-inner\"><h5 class=\"aux-modern-heading-primary\">Phone :<\/h5><h5 class=\"aux-modern-heading-secondary\"><span class=\"aux-head-before\">+48 732 254 364<\/span><\/h5><\/div>\n        <\/section>\t\t<\/div>\n\t\t\t\t<\/div>\n\t\t\t\t<div class=\"elementor-element elementor-element-470c60f aux-appear-watch-animation aux-fade-in-up elementor-widget elementor-widget-aux_modern_heading\" data-id=\"470c60f\" data-element_type=\"widget\" data-widget_type=\"aux_modern_heading.default\">\n\t\t\t\t<div class=\"elementor-widget-container\">\n\t\t\t<section class=\"aux-widget-modern-heading\">\n            <div class=\"aux-widget-inner\"><h5 class=\"aux-modern-heading-primary\">Email: <\/h5><h5 class=\"aux-modern-heading-secondary\"><span class=\"aux-head-before\">kontakt@mariajedrzejewska.pl<\/span><\/h5><\/div>\n        <\/section>\t\t<\/div>\n\t\t\t\t<\/div>\n\t\t\t\t<div class=\"elementor-element elementor-element-83edcb5 aux-appear-watch-animation aux-fade-in-up elementor-widget elementor-widget-aux_modern_heading\" data-id=\"83edcb5\" data-element_type=\"widget\" data-widget_type=\"aux_modern_heading.default\">\n\t\t\t\t<div class=\"elementor-widget-container\">\n\t\t\t<section class=\"aux-widget-modern-heading\">\n            <div class=\"aux-widget-inner\"><h5 class=\"aux-modern-heading-primary\">Szczecin<\/h5><h5 class=\"aux-modern-heading-secondary\"><span class=\"aux-head-before\">Aleja Papie\u017ca Jana Paw\u0142a II 9a\/1<\/span><\/h5><\/div>\n        <\/section>\t\t<\/div>\n\t\t\t\t<\/div>\n\t\t\t\t<div class=\"elementor-element elementor-element-bc86198 aux-appear-watch-animation aux-fade-in-up elementor-widget elementor-widget-aux_modern_heading\" data-id=\"bc86198\" data-element_type=\"widget\" data-widget_type=\"aux_modern_heading.default\">\n\t\t\t\t<div class=\"elementor-widget-container\">\n\t\t\t<section class=\"aux-widget-modern-heading\">\n            <div class=\"aux-widget-inner\"><h5 class=\"aux-modern-heading-primary\">Stargard<\/h5><h5 class=\"aux-modern-heading-secondary\"><span class=\"aux-head-before\">ul. Ksi\u0119cia Barnima I 3B\/12<\/span><\/h5><\/div>\n        <\/section>\t\t<\/div>\n\t\t\t\t<\/div>\n\t\t\t\t<div class=\"elementor-element elementor-element-0ae71ad e-grid-align-left aux-appear-watch-animation aux-fade-in-up elementor-shape-rounded elementor-grid-0 elementor-widget elementor-widget-social-icons\" data-id=\"0ae71ad\" data-element_type=\"widget\" data-widget_type=\"social-icons.default\">\n\t\t\t\t<div class=\"elementor-widget-container\">\n\t\t\t\t\t<div class=\"elementor-social-icons-wrapper elementor-grid\">\n\t\t\t\t\t\t\t<span class=\"elementor-grid-item\">\n\t\t\t\t\t<a class=\"elementor-icon elementor-social-icon elementor-social-icon-auxicon-facebook elementor-repeater-item-20d1330\" href=\"https:\/\/www.facebook.com\/profile.php?id=505775272609577\" target=\"_blank\">\n\t\t\t\t\t\t<span class=\"elementor-screen-only\">Auxicon-facebook<\/span>\n\t\t\t\t\t\t<i class=\"auxicon auxicon-facebook\"><\/i>\t\t\t\t\t<\/a>\n\t\t\t\t<\/span>\n\t\t\t\t\t<\/div>\n\t\t\t\t<\/div>\n\t\t\t\t<\/div>\n\t\t\t\t\t<\/div>\n\t\t<\/div>\n\t\t\t\t\t<\/div>\n\t\t<\/section>\n\t\t\t\t<\/div>\n\t\t","protected":false},"excerpt":{"rendered":"<p>B\u0105d\u017amy w kontakcie Je\u015bli masz pytania, nie wahaj si\u0119, aby zapyta\u0107. Mo\u017cesz skontaktowa\u0107 si\u0119 ze mn\u0105 mailowo przez formularz kontaktowy lub telefonicznie. Imi\u0119 adres email Temat Napisz wiadomo\u015b\u0107 (optional) &#916; Kontakt Phone : +48 732 254 364 Email: kontakt@mariajedrzejewska.pl Szczecin Aleja Papie\u017ca Jana Paw\u0142a II 9a\/1 Stargard ul. Ksi\u0119cia Barnima I 3B\/12 Auxicon-facebook<\/p>\n","protected":false},"author":1,"featured_media":0,"parent":0,"menu_order":0,"comment_status":"closed","ping_status":"closed","template":"templates\/page-builder-content.php","meta":{"iawp_total_views":784,"footnotes":""},"class_list":["post-372","page","type-page","status-publish","hentry"],"yoast_head":"<!-- This site is optimized with the Yoast SEO plugin v23.5 - https:\/\/yoast.com\/wordpress\/plugins\/seo\/ -->\n<title>Kontakt - Maria J\u0119drzejewska Psychoterapeutka<\/title>\n<meta name=\"robots\" content=\"index, follow, max-snippet:-1, max-image-preview:large, max-video-preview:-1\" \/>\n<link rel=\"canonical\" href=\"https:\/\/mariajedrzejewska.pl\/index.php\/contact\/\" \/>\n<meta property=\"og:locale\" content=\"pl_PL\" \/>\n<meta property=\"og:type\" content=\"article\" \/>\n<meta property=\"og:title\" content=\"Kontakt - Maria J\u0119drzejewska Psychoterapeutka\" \/>\n<meta property=\"og:description\" content=\"B\u0105d\u017amy w kontakcie Je\u015bli masz pytania, nie wahaj si\u0119, aby zapyta\u0107. Mo\u017cesz skontaktowa\u0107 si\u0119 ze mn\u0105 mailowo przez formularz kontaktowy lub telefonicznie. Imi\u0119 adres email Temat Napisz wiadomo\u015b\u0107 (optional) &#916; Kontakt Phone : +48 732 254 364 Email: kontakt@mariajedrzejewska.pl Szczecin Aleja Papie\u017ca Jana Paw\u0142a II 9a\/1 Stargard ul. Ksi\u0119cia Barnima I 3B\/12 Auxicon-facebook\" \/>\n<meta property=\"og:url\" content=\"https:\/\/mariajedrzejewska.pl\/index.php\/contact\/\" \/>\n<meta property=\"og:site_name\" content=\"Maria J\u0119drzejewska Psychoterapeutka\" \/>\n<meta property=\"article:modified_time\" content=\"2024-11-07T14:03:38+00:00\" \/>\n<meta name=\"twitter:card\" content=\"summary_large_image\" \/>\n<meta name=\"twitter:label1\" content=\"Szacowany czas czytania\" \/>\n\t<meta name=\"twitter:data1\" content=\"1 minuta\" \/>\n<script type=\"application\/ld+json\" class=\"yoast-schema-graph\">{\"@context\":\"https:\/\/schema.org\",\"@graph\":[{\"@type\":\"WebPage\",\"@id\":\"https:\/\/mariajedrzejewska.pl\/index.php\/contact\/\",\"url\":\"https:\/\/mariajedrzejewska.pl\/index.php\/contact\/\",\"name\":\"Kontakt - Maria J\u0119drzejewska Psychoterapeutka\",\"isPartOf\":{\"@id\":\"https:\/\/mariajedrzejewska.pl\/#website\"},\"datePublished\":\"2021-10-03T07:48:30+00:00\",\"dateModified\":\"2024-11-07T14:03:38+00:00\",\"breadcrumb\":{\"@id\":\"https:\/\/mariajedrzejewska.pl\/index.php\/contact\/#breadcrumb\"},\"inLanguage\":\"pl-PL\",\"potentialAction\":[{\"@type\":\"ReadAction\",\"target\":[\"https:\/\/mariajedrzejewska.pl\/index.php\/contact\/\"]}]},{\"@type\":\"BreadcrumbList\",\"@id\":\"https:\/\/mariajedrzejewska.pl\/index.php\/contact\/#breadcrumb\",\"itemListElement\":[{\"@type\":\"ListItem\",\"position\":1,\"name\":\"Strona g\u0142\u00f3wna\",\"item\":\"https:\/\/mariajedrzejewska.pl\/\"},{\"@type\":\"ListItem\",\"position\":2,\"name\":\"Kontakt\"}]},{\"@type\":\"WebSite\",\"@id\":\"https:\/\/mariajedrzejewska.pl\/#website\",\"url\":\"https:\/\/mariajedrzejewska.pl\/\",\"name\":\"Maria J\u0119drzejewska Psychoterapeutka\",\"description\":\"\",\"publisher\":{\"@id\":\"https:\/\/mariajedrzejewska.pl\/#organization\"},\"potentialAction\":[{\"@type\":\"SearchAction\",\"target\":{\"@type\":\"EntryPoint\",\"urlTemplate\":\"https:\/\/mariajedrzejewska.pl\/?s={search_term_string}\"},\"query-input\":{\"@type\":\"PropertyValueSpecification\",\"valueRequired\":true,\"valueName\":\"search_term_string\"}}],\"inLanguage\":\"pl-PL\"},{\"@type\":\"Organization\",\"@id\":\"https:\/\/mariajedrzejewska.pl\/#organization\",\"name\":\"Maria J\u0119drzejewska Psychoterapeutka\",\"url\":\"https:\/\/mariajedrzejewska.pl\/\",\"logo\":{\"@type\":\"ImageObject\",\"inLanguage\":\"pl-PL\",\"@id\":\"https:\/\/mariajedrzejewska.pl\/#\/schema\/logo\/image\/\",\"url\":\"https:\/\/mariajedrzejewska.pl\/wp-content\/uploads\/2024\/10\/cropped-Zasob-7-3.png\",\"contentUrl\":\"https:\/\/mariajedrzejewska.pl\/wp-content\/uploads\/2024\/10\/cropped-Zasob-7-3.png\",\"width\":59,\"height\":31,\"caption\":\"Maria J\u0119drzejewska Psychoterapeutka\"},\"image\":{\"@id\":\"https:\/\/mariajedrzejewska.pl\/#\/schema\/logo\/image\/\"}}]}<\/script>\n<!-- \/ Yoast SEO plugin. -->","yoast_head_json":{"title":"Kontakt - Maria J\u0119drzejewska Psychoterapeutka","robots":{"index":"index","follow":"follow","max-snippet":"max-snippet:-1","max-image-preview":"max-image-preview:large","max-video-preview":"max-video-preview:-1"},"canonical":"https:\/\/mariajedrzejewska.pl\/index.php\/contact\/","og_locale":"pl_PL","og_type":"article","og_title":"Kontakt - Maria J\u0119drzejewska Psychoterapeutka","og_description":"B\u0105d\u017amy w kontakcie Je\u015bli masz pytania, nie wahaj si\u0119, aby zapyta\u0107. Mo\u017cesz skontaktowa\u0107 si\u0119 ze mn\u0105 mailowo przez formularz kontaktowy lub telefonicznie. Imi\u0119 adres email Temat Napisz wiadomo\u015b\u0107 (optional) &#916; Kontakt Phone : +48 732 254 364 Email: kontakt@mariajedrzejewska.pl Szczecin Aleja Papie\u017ca Jana Paw\u0142a II 9a\/1 Stargard ul. Ksi\u0119cia Barnima I 3B\/12 Auxicon-facebook","og_url":"https:\/\/mariajedrzejewska.pl\/index.php\/contact\/","og_site_name":"Maria J\u0119drzejewska Psychoterapeutka","article_modified_time":"2024-11-07T14:03:38+00:00","twitter_card":"summary_large_image","twitter_misc":{"Szacowany czas czytania":"1 minuta"},"schema":{"@context":"https:\/\/schema.org","@graph":[{"@type":"WebPage","@id":"https:\/\/mariajedrzejewska.pl\/index.php\/contact\/","url":"https:\/\/mariajedrzejewska.pl\/index.php\/contact\/","name":"Kontakt - Maria J\u0119drzejewska Psychoterapeutka","isPartOf":{"@id":"https:\/\/mariajedrzejewska.pl\/#website"},"datePublished":"2021-10-03T07:48:30+00:00","dateModified":"2024-11-07T14:03:38+00:00","breadcrumb":{"@id":"https:\/\/mariajedrzejewska.pl\/index.php\/contact\/#breadcrumb"},"inLanguage":"pl-PL","potentialAction":[{"@type":"ReadAction","target":["https:\/\/mariajedrzejewska.pl\/index.php\/contact\/"]}]},{"@type":"BreadcrumbList","@id":"https:\/\/mariajedrzejewska.pl\/index.php\/contact\/#breadcrumb","itemListElement":[{"@type":"ListItem","position":1,"name":"Strona g\u0142\u00f3wna","item":"https:\/\/mariajedrzejewska.pl\/"},{"@type":"ListItem","position":2,"name":"Kontakt"}]},{"@type":"WebSite","@id":"https:\/\/mariajedrzejewska.pl\/#website","url":"https:\/\/mariajedrzejewska.pl\/","name":"Maria J\u0119drzejewska Psychoterapeutka","description":"","publisher":{"@id":"https:\/\/mariajedrzejewska.pl\/#organization"},"potentialAction":[{"@type":"SearchAction","target":{"@type":"EntryPoint","urlTemplate":"https:\/\/mariajedrzejewska.pl\/?s={search_term_string}"},"query-input":{"@type":"PropertyValueSpecification","valueRequired":true,"valueName":"search_term_string"}}],"inLanguage":"pl-PL"},{"@type":"Organization","@id":"https:\/\/mariajedrzejewska.pl\/#organization","name":"Maria J\u0119drzejewska Psychoterapeutka","url":"https:\/\/mariajedrzejewska.pl\/","logo":{"@type":"ImageObject","inLanguage":"pl-PL","@id":"https:\/\/mariajedrzejewska.pl\/#\/schema\/logo\/image\/","url":"https:\/\/mariajedrzejewska.pl\/wp-content\/uploads\/2024\/10\/cropped-Zasob-7-3.png","contentUrl":"https:\/\/mariajedrzejewska.pl\/wp-content\/uploads\/2024\/10\/cropped-Zasob-7-3.png","width":59,"height":31,"caption":"Maria J\u0119drzejewska Psychoterapeutka"},"image":{"@id":"https:\/\/mariajedrzejewska.pl\/#\/schema\/logo\/image\/"}}]}},"_links":{"self":[{"href":"https:\/\/mariajedrzejewska.pl\/index.php\/wp-json\/wp\/v2\/pages\/372","targetHints":{"allow":["GET"]}}],"collection":[{"href":"https:\/\/mariajedrzejewska.pl\/index.php\/wp-json\/wp\/v2\/pages"}],"about":[{"href":"https:\/\/mariajedrzejewska.pl\/index.php\/wp-json\/wp\/v2\/types\/page"}],"author":[{"embeddable":true,"href":"https:\/\/mariajedrzejewska.pl\/index.php\/wp-json\/wp\/v2\/users\/1"}],"replies":[{"embeddable":true,"href":"https:\/\/mariajedrzejewska.pl\/index.php\/wp-json\/wp\/v2\/comments?post=372"}],"version-history":[{"count":31,"href":"https:\/\/mariajedrzejewska.pl\/index.php\/wp-json\/wp\/v2\/pages\/372\/revisions"}],"predecessor-version":[{"id":896,"href":"https:\/\/mariajedrzejewska.pl\/index.php\/wp-json\/wp\/v2\/pages\/372\/revisions\/896"}],"wp:attachment":[{"href":"https:\/\/mariajedrzejewska.pl\/index.php\/wp-json\/wp\/v2\/media?parent=372"}],"curies":[{"name":"wp","href":"https:\/\/api.w.org\/{rel}","templated":true}]}}